{"id":766,"date":"2022-10-15T17:36:20","date_gmt":"2022-10-15T22:36:20","guid":{"rendered":"https:\/\/diversionesgas.com\/?post_type=product&#038;p=766"},"modified":"2024-03-27T16:09:14","modified_gmt":"2024-03-27T21:09:14","slug":"pequenas-mamas-2","status":"publish","type":"product","link":"https:\/\/diversionesgas.com\/index.php\/product\/pequenas-mamas-2\/","title":{"rendered":"Peque\u00f1as Mam\u00e1s"},"content":{"rendered":"<p>En este taller contamos con diversos mu\u00f1ecos y con mucha variedad de ropa y accesorios para sentirse como una verdadera mam\u00e1, en el cual tendr\u00e1s que ba\u00f1ar, cambiar y cuidar a tu beb\u00e9<\/p>\n","protected":false},"excerpt":{"rendered":"<p>Especial para las peque\u00f1as mam\u00e1s<\/p>\n","protected":false},"featured_media":780,"template":"","meta":[],"product_brand":[],"product_cat":[22],"product_tag":[],"class_list":{"0":"post-766","1":"product","2":"type-product","3":"status-publish","4":"has-post-thumbnail","6":"product_cat-talleres","8":"first","9":"instock","10":"shipping-taxable","11":"purchasable","12":"product-type-simple"},"_links":{"self":[{"href":"https:\/\/diversionesgas.com\/index.php\/wp-json\/wp\/v2\/product\/766","targetHints":{"allow":["GET"]}}],"collection":[{"href":"https:\/\/diversionesgas.com\/index.php\/wp-json\/wp\/v2\/product"}],"about":[{"href":"https:\/\/diversionesgas.com\/index.php\/wp-json\/wp\/v2\/types\/product"}],"version-history":[{"count":2,"href":"https:\/\/diversionesgas.com\/index.php\/wp-json\/wp\/v2\/product\/766\/revisions"}],"predecessor-version":[{"id":15724,"href":"https:\/\/diversionesgas.com\/index.php\/wp-json\/wp\/v2\/product\/766\/revisions\/15724"}],"wp:featuredmedia":[{"embeddable":true,"href":"https:\/\/diversionesgas.com\/index.php\/wp-json\/wp\/v2\/media\/780"}],"wp:attachment":[{"href":"https:\/\/diversionesgas.com\/index.php\/wp-json\/wp\/v2\/media?parent=766"}],"wp:term":[{"taxonomy":"product_brand","embeddable":true,"href":"https:\/\/diversionesgas.com\/index.php\/wp-json\/wp\/v2\/product_brand?post=766"},{"taxonomy":"product_cat","embeddable":true,"href":"https:\/\/diversionesgas.com\/index.php\/wp-json\/wp\/v2\/product_cat?post=766"},{"taxonomy":"product_tag","embeddable":true,"href":"https:\/\/diversionesgas.com\/index.php\/wp-json\/wp\/v2\/product_tag?post=766"}],"curies":[{"name":"wp","href":"https:\/\/api.w.org\/{rel}","templated":true}]}}