{"id":764,"date":"2022-10-15T17:35:09","date_gmt":"2022-10-15T22:35:09","guid":{"rendered":"https:\/\/diversionesgas.com\/?post_type=product&#038;p=764"},"modified":"2024-03-27T16:17:28","modified_gmt":"2024-03-27T21:17:28","slug":"taller-de-manualidades-2","status":"publish","type":"product","link":"https:\/\/diversionesgas.com\/index.php\/product\/taller-de-manualidades-2\/","title":{"rendered":"Taller de Manualidades"},"content":{"rendered":"<p>En este taller podr\u00e1s crear muchas manualidades y tambi\u00e9n podr\u00e1s pintar en cer\u00e1mica la figura que quieras!<\/p>\n<p>&nbsp;<\/p>\n","protected":false},"excerpt":{"rendered":"<p>Manualidades f\u00e1ciles y divertidas!<\/p>\n","protected":false},"featured_media":876,"template":"","meta":[],"product_brand":[],"product_cat":[22],"product_tag":[],"class_list":{"0":"post-764","1":"product","2":"type-product","3":"status-publish","4":"has-post-thumbnail","6":"product_cat-talleres","8":"first","9":"instock","10":"shipping-taxable","11":"purchasable","12":"product-type-simple"},"_links":{"self":[{"href":"https:\/\/diversionesgas.com\/index.php\/wp-json\/wp\/v2\/product\/764","targetHints":{"allow":["GET"]}}],"collection":[{"href":"https:\/\/diversionesgas.com\/index.php\/wp-json\/wp\/v2\/product"}],"about":[{"href":"https:\/\/diversionesgas.com\/index.php\/wp-json\/wp\/v2\/types\/product"}],"version-history":[{"count":2,"href":"https:\/\/diversionesgas.com\/index.php\/wp-json\/wp\/v2\/product\/764\/revisions"}],"predecessor-version":[{"id":15726,"href":"https:\/\/diversionesgas.com\/index.php\/wp-json\/wp\/v2\/product\/764\/revisions\/15726"}],"wp:featuredmedia":[{"embeddable":true,"href":"https:\/\/diversionesgas.com\/index.php\/wp-json\/wp\/v2\/media\/876"}],"wp:attachment":[{"href":"https:\/\/diversionesgas.com\/index.php\/wp-json\/wp\/v2\/media?parent=764"}],"wp:term":[{"taxonomy":"product_brand","embeddable":true,"href":"https:\/\/diversionesgas.com\/index.php\/wp-json\/wp\/v2\/product_brand?post=764"},{"taxonomy":"product_cat","embeddable":true,"href":"https:\/\/diversionesgas.com\/index.php\/wp-json\/wp\/v2\/product_cat?post=764"},{"taxonomy":"product_tag","embeddable":true,"href":"https:\/\/diversionesgas.com\/index.php\/wp-json\/wp\/v2\/product_tag?post=764"}],"curies":[{"name":"wp","href":"https:\/\/api.w.org\/{rel}","templated":true}]}}