{"id":761,"date":"2022-10-15T17:26:20","date_gmt":"2022-10-15T22:26:20","guid":{"rendered":"https:\/\/diversionesgas.com\/?post_type=product&#038;p=761"},"modified":"2024-03-27T19:43:35","modified_gmt":"2024-03-28T00:43:35","slug":"gusano","status":"publish","type":"product","link":"https:\/\/diversionesgas.com\/index.php\/product\/gusano\/","title":{"rendered":"GUSANO"},"content":{"rendered":"<p style=\"text-align: center;\"><em><strong>Este juego tiene una medida de 9 mts de largo x 2 mts de ancho<\/strong><\/em><\/p>\n<p style=\"text-align: center;\"><em><strong>Este juego es \u00fanico y muy divertido , donde los ni\u00f1os entran a un t\u00fanel de aventura<\/strong><\/em><\/p>\n<p>&nbsp;<\/p>\n","protected":false},"excerpt":{"rendered":"<p>Este juego tiene una medida de 9 mts de largo x 2 mts de ancho Este juego es \u00fanico y<\/p>\n","protected":false},"featured_media":720,"template":"","meta":[],"product_brand":[],"product_cat":[26,25],"product_tag":[],"class_list":{"0":"post-761","1":"product","2":"type-product","3":"status-publish","4":"has-post-thumbnail","6":"product_cat-brincolines","7":"product_cat-competencia","9":"first","10":"instock","11":"shipping-taxable","12":"purchasable","13":"product-type-simple"},"_links":{"self":[{"href":"https:\/\/diversionesgas.com\/index.php\/wp-json\/wp\/v2\/product\/761","targetHints":{"allow":["GET"]}}],"collection":[{"href":"https:\/\/diversionesgas.com\/index.php\/wp-json\/wp\/v2\/product"}],"about":[{"href":"https:\/\/diversionesgas.com\/index.php\/wp-json\/wp\/v2\/types\/product"}],"version-history":[{"count":3,"href":"https:\/\/diversionesgas.com\/index.php\/wp-json\/wp\/v2\/product\/761\/revisions"}],"predecessor-version":[{"id":16310,"href":"https:\/\/diversionesgas.com\/index.php\/wp-json\/wp\/v2\/product\/761\/revisions\/16310"}],"wp:featuredmedia":[{"embeddable":true,"href":"https:\/\/diversionesgas.com\/index.php\/wp-json\/wp\/v2\/media\/720"}],"wp:attachment":[{"href":"https:\/\/diversionesgas.com\/index.php\/wp-json\/wp\/v2\/media?parent=761"}],"wp:term":[{"taxonomy":"product_brand","embeddable":true,"href":"https:\/\/diversionesgas.com\/index.php\/wp-json\/wp\/v2\/product_brand?post=761"},{"taxonomy":"product_cat","embeddable":true,"href":"https:\/\/diversionesgas.com\/index.php\/wp-json\/wp\/v2\/product_cat?post=761"},{"taxonomy":"product_tag","embeddable":true,"href":"https:\/\/diversionesgas.com\/index.php\/wp-json\/wp\/v2\/product_tag?post=761"}],"curies":[{"name":"wp","href":"https:\/\/api.w.org\/{rel}","templated":true}]}}