{"id":540,"date":"2022-10-06T16:06:35","date_gmt":"2022-10-06T16:06:35","guid":{"rendered":"https:\/\/diversionesgas.com\/?post_type=product&#038;p=540"},"modified":"2024-03-27T19:49:15","modified_gmt":"2024-03-28T00:49:15","slug":"rampa-vertigo","status":"publish","type":"product","link":"https:\/\/diversionesgas.com\/index.php\/product\/rampa-vertigo\/","title":{"rendered":"RAMPA VERTIGO"},"content":{"rendered":"<p style=\"text-align: center;\"><em><strong>Es es un juego de extrema diversi\u00f3n con una esfera de 3 mts de di\u00e1metro para dos ni\u00f1os en su interior , la rampa tiene una medida de 7 mts x 18 mts de largo<\/strong><\/em><\/p>\n","protected":false},"excerpt":{"rendered":"<p>Es es un juego de extrema diversi\u00f3n con una esfera de 3 mts de di\u00e1metro para dos ni\u00f1os en su<\/p>\n","protected":false},"featured_media":713,"template":"","meta":[],"product_brand":[],"product_cat":[26,24],"product_tag":[],"class_list":{"0":"post-540","1":"product","2":"type-product","3":"status-publish","4":"has-post-thumbnail","6":"product_cat-brincolines","7":"product_cat-juegos-extremos","9":"first","10":"instock","11":"shipping-taxable","12":"product-type-simple"},"_links":{"self":[{"href":"https:\/\/diversionesgas.com\/index.php\/wp-json\/wp\/v2\/product\/540","targetHints":{"allow":["GET"]}}],"collection":[{"href":"https:\/\/diversionesgas.com\/index.php\/wp-json\/wp\/v2\/product"}],"about":[{"href":"https:\/\/diversionesgas.com\/index.php\/wp-json\/wp\/v2\/types\/product"}],"version-history":[{"count":2,"href":"https:\/\/diversionesgas.com\/index.php\/wp-json\/wp\/v2\/product\/540\/revisions"}],"predecessor-version":[{"id":16319,"href":"https:\/\/diversionesgas.com\/index.php\/wp-json\/wp\/v2\/product\/540\/revisions\/16319"}],"wp:featuredmedia":[{"embeddable":true,"href":"https:\/\/diversionesgas.com\/index.php\/wp-json\/wp\/v2\/media\/713"}],"wp:attachment":[{"href":"https:\/\/diversionesgas.com\/index.php\/wp-json\/wp\/v2\/media?parent=540"}],"wp:term":[{"taxonomy":"product_brand","embeddable":true,"href":"https:\/\/diversionesgas.com\/index.php\/wp-json\/wp\/v2\/product_brand?post=540"},{"taxonomy":"product_cat","embeddable":true,"href":"https:\/\/diversionesgas.com\/index.php\/wp-json\/wp\/v2\/product_cat?post=540"},{"taxonomy":"product_tag","embeddable":true,"href":"https:\/\/diversionesgas.com\/index.php\/wp-json\/wp\/v2\/product_tag?post=540"}],"curies":[{"name":"wp","href":"https:\/\/api.w.org\/{rel}","templated":true}]}}