{"id":535,"date":"2022-10-06T16:06:35","date_gmt":"2022-10-06T16:06:35","guid":{"rendered":"https:\/\/diversionesgas.com\/?post_type=product&#038;p=535"},"modified":"2024-03-25T20:12:52","modified_gmt":"2024-03-26T01:12:52","slug":"gran-tiburon-azul-con-chapoteadero","status":"publish","type":"product","link":"https:\/\/diversionesgas.com\/index.php\/product\/gran-tiburon-azul-con-chapoteadero\/","title":{"rendered":"GRAN TIBUR\u00d3N AZUL CON CHAPOTEADERO ( uso con agua , versi\u00f3n corta )"},"content":{"rendered":"<p style=\"text-align: center;\"><em><strong>Es una versi\u00f3n del gran tibur\u00f3n azul con el chapoteadero (versi\u00f3n corta)<\/strong><\/em><\/p>\n","protected":false},"excerpt":{"rendered":"<p>Es una versi\u00f3n del gran tibur\u00f3n azul con el chapoteadero (versi\u00f3n corta)<\/p>\n","protected":false},"featured_media":16045,"template":"","meta":[],"product_brand":[],"product_cat":[19],"product_tag":[],"class_list":{"0":"post-535","1":"product","2":"type-product","3":"status-publish","4":"has-post-thumbnail","6":"product_cat-brincolines-acuaticos","8":"first","9":"instock","10":"shipping-taxable","11":"product-type-simple"},"_links":{"self":[{"href":"https:\/\/diversionesgas.com\/index.php\/wp-json\/wp\/v2\/product\/535","targetHints":{"allow":["GET"]}}],"collection":[{"href":"https:\/\/diversionesgas.com\/index.php\/wp-json\/wp\/v2\/product"}],"about":[{"href":"https:\/\/diversionesgas.com\/index.php\/wp-json\/wp\/v2\/types\/product"}],"version-history":[{"count":2,"href":"https:\/\/diversionesgas.com\/index.php\/wp-json\/wp\/v2\/product\/535\/revisions"}],"predecessor-version":[{"id":16050,"href":"https:\/\/diversionesgas.com\/index.php\/wp-json\/wp\/v2\/product\/535\/revisions\/16050"}],"wp:featuredmedia":[{"embeddable":true,"href":"https:\/\/diversionesgas.com\/index.php\/wp-json\/wp\/v2\/media\/16045"}],"wp:attachment":[{"href":"https:\/\/diversionesgas.com\/index.php\/wp-json\/wp\/v2\/media?parent=535"}],"wp:term":[{"taxonomy":"product_brand","embeddable":true,"href":"https:\/\/diversionesgas.com\/index.php\/wp-json\/wp\/v2\/product_brand?post=535"},{"taxonomy":"product_cat","embeddable":true,"href":"https:\/\/diversionesgas.com\/index.php\/wp-json\/wp\/v2\/product_cat?post=535"},{"taxonomy":"product_tag","embeddable":true,"href":"https:\/\/diversionesgas.com\/index.php\/wp-json\/wp\/v2\/product_tag?post=535"}],"curies":[{"name":"wp","href":"https:\/\/api.w.org\/{rel}","templated":true}]}}