{"id":534,"date":"2022-10-06T16:06:35","date_gmt":"2022-10-06T16:06:35","guid":{"rendered":"https:\/\/diversionesgas.com\/?post_type=product&#038;p=534"},"modified":"2024-03-25T20:20:56","modified_gmt":"2024-03-26T01:20:56","slug":"gran-tiburon-azul-con-tobogan","status":"publish","type":"product","link":"https:\/\/diversionesgas.com\/index.php\/product\/gran-tiburon-azul-con-tobogan\/","title":{"rendered":"GRAN TIBUR\u00d3N AZUL CON TOBOG\u00c1N (uso con agua, versi\u00f3n larga)"},"content":{"rendered":"<p style=\"text-align: center;\"><em><strong>Es una (versi\u00f3n larga con uso de agua) conectado con un tobog\u00e1n de agua largo que te ara deslizarte muy r\u00e1pido<\/strong><\/em><\/p>\n","protected":false},"excerpt":{"rendered":"<p>Es una (versi\u00f3n larga con uso de agua) conectado con un tobog\u00e1n de agua largo que te ara deslizarte muy<\/p>\n","protected":false},"featured_media":16053,"template":"","meta":[],"product_brand":[],"product_cat":[19],"product_tag":[],"class_list":{"0":"post-534","1":"product","2":"type-product","3":"status-publish","4":"has-post-thumbnail","6":"product_cat-brincolines-acuaticos","8":"first","9":"instock","10":"shipping-taxable","11":"purchasable","12":"product-type-simple"},"_links":{"self":[{"href":"https:\/\/diversionesgas.com\/index.php\/wp-json\/wp\/v2\/product\/534","targetHints":{"allow":["GET"]}}],"collection":[{"href":"https:\/\/diversionesgas.com\/index.php\/wp-json\/wp\/v2\/product"}],"about":[{"href":"https:\/\/diversionesgas.com\/index.php\/wp-json\/wp\/v2\/types\/product"}],"version-history":[{"count":5,"href":"https:\/\/diversionesgas.com\/index.php\/wp-json\/wp\/v2\/product\/534\/revisions"}],"predecessor-version":[{"id":16057,"href":"https:\/\/diversionesgas.com\/index.php\/wp-json\/wp\/v2\/product\/534\/revisions\/16057"}],"wp:featuredmedia":[{"embeddable":true,"href":"https:\/\/diversionesgas.com\/index.php\/wp-json\/wp\/v2\/media\/16053"}],"wp:attachment":[{"href":"https:\/\/diversionesgas.com\/index.php\/wp-json\/wp\/v2\/media?parent=534"}],"wp:term":[{"taxonomy":"product_brand","embeddable":true,"href":"https:\/\/diversionesgas.com\/index.php\/wp-json\/wp\/v2\/product_brand?post=534"},{"taxonomy":"product_cat","embeddable":true,"href":"https:\/\/diversionesgas.com\/index.php\/wp-json\/wp\/v2\/product_cat?post=534"},{"taxonomy":"product_tag","embeddable":true,"href":"https:\/\/diversionesgas.com\/index.php\/wp-json\/wp\/v2\/product_tag?post=534"}],"curies":[{"name":"wp","href":"https:\/\/api.w.org\/{rel}","templated":true}]}}