{"id":531,"date":"2022-10-06T16:06:35","date_gmt":"2022-10-06T16:06:35","guid":{"rendered":"https:\/\/diversionesgas.com\/?post_type=product&#038;p=531"},"modified":"2024-03-25T20:37:13","modified_gmt":"2024-03-26T01:37:13","slug":"la-isla","status":"publish","type":"product","link":"https:\/\/diversionesgas.com\/index.php\/product\/la-isla\/","title":{"rendered":"LA ISLA"},"content":{"rendered":"<p style=\"text-align: center;\"><em><strong>Es un brincol\u00edn de agua para ni\u00f1os peque\u00f1os con un resbaladero integrado dentro del brincol\u00edn<\/strong><\/em><\/p>\n","protected":false},"excerpt":{"rendered":"<p>Es un brincol\u00edn de agua para ni\u00f1os peque\u00f1os con un resbaladero integrado dentro del brincol\u00edn<\/p>\n","protected":false},"featured_media":16071,"template":"","meta":[],"product_brand":[],"product_cat":[19],"product_tag":[],"class_list":{"0":"post-531","1":"product","2":"type-product","3":"status-publish","4":"has-post-thumbnail","6":"product_cat-brincolines-acuaticos","8":"first","9":"instock","10":"shipping-taxable","11":"purchasable","12":"product-type-simple"},"_links":{"self":[{"href":"https:\/\/diversionesgas.com\/index.php\/wp-json\/wp\/v2\/product\/531","targetHints":{"allow":["GET"]}}],"collection":[{"href":"https:\/\/diversionesgas.com\/index.php\/wp-json\/wp\/v2\/product"}],"about":[{"href":"https:\/\/diversionesgas.com\/index.php\/wp-json\/wp\/v2\/types\/product"}],"version-history":[{"count":4,"href":"https:\/\/diversionesgas.com\/index.php\/wp-json\/wp\/v2\/product\/531\/revisions"}],"predecessor-version":[{"id":16076,"href":"https:\/\/diversionesgas.com\/index.php\/wp-json\/wp\/v2\/product\/531\/revisions\/16076"}],"wp:featuredmedia":[{"embeddable":true,"href":"https:\/\/diversionesgas.com\/index.php\/wp-json\/wp\/v2\/media\/16071"}],"wp:attachment":[{"href":"https:\/\/diversionesgas.com\/index.php\/wp-json\/wp\/v2\/media?parent=531"}],"wp:term":[{"taxonomy":"product_brand","embeddable":true,"href":"https:\/\/diversionesgas.com\/index.php\/wp-json\/wp\/v2\/product_brand?post=531"},{"taxonomy":"product_cat","embeddable":true,"href":"https:\/\/diversionesgas.com\/index.php\/wp-json\/wp\/v2\/product_cat?post=531"},{"taxonomy":"product_tag","embeddable":true,"href":"https:\/\/diversionesgas.com\/index.php\/wp-json\/wp\/v2\/product_tag?post=531"}],"curies":[{"name":"wp","href":"https:\/\/api.w.org\/{rel}","templated":true}]}}